{"id":91,"date":"2025-10-31T10:31:16","date_gmt":"2025-10-31T10:31:16","guid":{"rendered":"https:\/\/orodelbierzo.com\/?page_id=91"},"modified":"2025-10-31T13:23:02","modified_gmt":"2025-10-31T13:23:02","slug":"la-miel","status":"publish","type":"page","link":"https:\/\/orodelbierzo.com\/?page_id=91","title":{"rendered":"La miel"},"content":{"rendered":"\t\t<div data-elementor-type=\"wp-page\" data-elementor-id=\"91\" class=\"elementor elementor-91\">\n\t\t\t\t<div class=\"elementor-element elementor-element-5fead3c e-con-full e-flex e-con e-parent\" data-id=\"5fead3c\" data-element_type=\"container\" data-e-type=\"container\">\n\t\t\t\t<div class=\"elementor-element elementor-element-5026568 elementor-widget elementor-widget-text-editor\" data-id=\"5026568\" data-element_type=\"widget\" data-e-type=\"widget\" data-widget_type=\"text-editor.default\">\n\t\t\t\t\t\t\t\t\t<p>Actualmente tenemos 200 colmenas ubicadas en diferentes zonas de El Bierzo, un vergel rodeado de monta\u00f1as y con un clima mediterr\u00e1neo, logrando obtener un producto de una calidad suprema: miel pura y natural 100%. Nuestros apiarios est\u00e1n rodeados de naturaleza, bosques, casta\u00f1os, zarzamoras, flora aut\u00f3ctona y salvaje de la que se alimentan nuestras abejas, y eso se nota en la miel que producimos.<\/p>\t\t\t\t\t\t\t\t<\/div>\n\t\t\t\t<\/div>\n\t\t<div class=\"elementor-element elementor-element-95c95cf e-con-full e-flex e-con e-parent\" data-id=\"95c95cf\" data-element_type=\"container\" data-e-type=\"container\">\n\t\t\t\t<div class=\"elementor-element elementor-element-6e52ce7 elementor-widget elementor-widget-text-editor\" data-id=\"6e52ce7\" data-element_type=\"widget\" data-e-type=\"widget\" data-widget_type=\"text-editor.default\">\n\t\t\t\t\t\t\t\t\t<p>Todos los trabajos en el apiario est\u00e1n subordinados a las temperaturas, que regulan el desarrollo y floraci\u00f3n de las plantas. Definir un calendario ap\u00edcola, supone una labor fundamental de organizaci\u00f3n que nos ayudar\u00e1 a entender m\u00e1s el comportamiento de las abejas y a ser mejores profesionales.<\/p><p>El proceso de extracci\u00f3n de la miel se hace de manera manual y artesanal para obtener la mayor pureza. Esta labor se realiza en primavera y verano, dejando abastecimiento suficiente para ellas durante las \u00e9pocas en las que no se extrae.<\/p>\t\t\t\t\t\t\t\t<\/div>\n\t\t\t\t<\/div>\n\t\t<div class=\"elementor-element elementor-element-f587eae e-con-full e-flex e-con e-parent\" data-id=\"f587eae\" data-element_type=\"container\" data-e-type=\"container\">\n\t\t<div class=\"elementor-element elementor-element-0593073 e-con-full e-flex e-con e-child\" data-id=\"0593073\" data-element_type=\"container\" data-e-type=\"container\">\n\t\t\t\t<div class=\"elementor-element elementor-element-88c5849 elementor-widget elementor-widget-image\" data-id=\"88c5849\" data-element_type=\"widget\" data-e-type=\"widget\" data-widget_type=\"image.default\">\n\t\t\t\t\t\t\t\t\t\t\t\t\t\t\t<img fetchpriority=\"high\" decoding=\"async\" width=\"1020\" height=\"1020\" src=\"https:\/\/orodelbierzo.com\/wp-content\/uploads\/2025\/10\/OrodelBierzo6.jpg\" class=\"attachment-large size-large wp-image-93\" alt=\"\" srcset=\"https:\/\/orodelbierzo.com\/wp-content\/uploads\/2025\/10\/OrodelBierzo6.jpg 1020w, https:\/\/orodelbierzo.com\/wp-content\/uploads\/2025\/10\/OrodelBierzo6-300x300.jpg 300w, https:\/\/orodelbierzo.com\/wp-content\/uploads\/2025\/10\/OrodelBierzo6-150x150.jpg 150w, https:\/\/orodelbierzo.com\/wp-content\/uploads\/2025\/10\/OrodelBierzo6-768x768.jpg 768w\" sizes=\"(max-width: 1020px) 100vw, 1020px\" \/>\t\t\t\t\t\t\t\t\t\t\t\t\t\t\t<\/div>\n\t\t\t\t<\/div>\n\t\t<div class=\"elementor-element elementor-element-ed03a23 e-con-full e-flex e-con e-child\" data-id=\"ed03a23\" data-element_type=\"container\" data-e-type=\"container\">\n\t\t\t\t<div class=\"elementor-element elementor-element-ac2d5c2 elementor-widget elementor-widget-text-editor\" data-id=\"ac2d5c2\" data-element_type=\"widget\" data-e-type=\"widget\" data-widget_type=\"text-editor.default\">\n\t\t\t\t\t\t\t\t\t<p style=\"font-size: 16px; font-style: normal; font-weight: 400;\">OTO\u00d1O<\/p><p style=\"font-size: 16px; font-style: normal; font-weight: 400;\">Es el momento en que se inicia la temporada siguiente, es un excelente momento para evaluar la calidad de las reinas presentes en el colmenar y sopesar el estado sanitario de las colmenas en t\u00e9rminos individuales y de los apiarios en t\u00e9rminos generales.<\/p><p><span style=\"font-size: 16px; font-style: normal; font-weight: 400;\">Es nuestra \u00e9poca del a\u00f1o en la que realizamos el tratamiento anual obligatorio contra varroa, adem\u00e1s de equilibrar las colmenas, de cara a facilitar la invernada<\/span><\/p>\t\t\t\t\t\t\t\t<\/div>\n\t\t\t\t<\/div>\n\t\t\t\t<\/div>\n\t\t<div class=\"elementor-element elementor-element-cade287 e-con-full e-flex e-con e-parent\" data-id=\"cade287\" data-element_type=\"container\" data-e-type=\"container\">\n\t\t<div class=\"elementor-element elementor-element-1a44333 e-con-full e-flex e-con e-child\" data-id=\"1a44333\" data-element_type=\"container\" data-e-type=\"container\">\n\t\t\t\t<div class=\"elementor-element elementor-element-ef0df47 elementor-widget elementor-widget-image\" data-id=\"ef0df47\" data-element_type=\"widget\" data-e-type=\"widget\" data-widget_type=\"image.default\">\n\t\t\t\t\t\t\t\t\t\t\t\t\t\t\t<img decoding=\"async\" width=\"1020\" height=\"1020\" src=\"https:\/\/orodelbierzo.com\/wp-content\/uploads\/2025\/10\/OrodelBierzo2.jpg\" class=\"attachment-large size-large wp-image-32\" alt=\"\" srcset=\"https:\/\/orodelbierzo.com\/wp-content\/uploads\/2025\/10\/OrodelBierzo2.jpg 1020w, https:\/\/orodelbierzo.com\/wp-content\/uploads\/2025\/10\/OrodelBierzo2-300x300.jpg 300w, https:\/\/orodelbierzo.com\/wp-content\/uploads\/2025\/10\/OrodelBierzo2-150x150.jpg 150w, https:\/\/orodelbierzo.com\/wp-content\/uploads\/2025\/10\/OrodelBierzo2-768x768.jpg 768w\" sizes=\"(max-width: 1020px) 100vw, 1020px\" \/>\t\t\t\t\t\t\t\t\t\t\t\t\t\t\t<\/div>\n\t\t\t\t<\/div>\n\t\t<div class=\"elementor-element elementor-element-becf0e9 e-con-full e-flex e-con e-child\" data-id=\"becf0e9\" data-element_type=\"container\" data-e-type=\"container\">\n\t\t\t\t<div class=\"elementor-element elementor-element-111b8cb elementor-widget elementor-widget-text-editor\" data-id=\"111b8cb\" data-element_type=\"widget\" data-e-type=\"widget\" data-widget_type=\"text-editor.default\">\n\t\t\t\t\t\t\t\t\t<p>INVIERNO<\/p><p>\u00c9poca para pensar y reflexionar. A partir de aqu\u00ed, \u00a0todo lo que hayamos sido capaces de arreglar, organizar y combatir comenzar\u00e1 a crecer y a gestarse con la pausada determinaci\u00f3n de la naturaleza.<\/p><p>Es momento de asegurarse de que las colmenas est\u00e1n en perfecto. Limpieza, mantenimiento, control de plagas, verificar el correcto funcionamiento de la colmena, etc.<\/p><p>Y es tambi\u00e9n el momento para la venta de miel<\/p>\t\t\t\t\t\t\t\t<\/div>\n\t\t\t\t<\/div>\n\t\t\t\t<\/div>\n\t\t<div class=\"elementor-element elementor-element-2dad7cf e-con-full e-flex e-con e-parent\" data-id=\"2dad7cf\" data-element_type=\"container\" data-e-type=\"container\">\n\t\t<div class=\"elementor-element elementor-element-112579c e-con-full e-flex e-con e-child\" data-id=\"112579c\" data-element_type=\"container\" data-e-type=\"container\">\n\t\t\t\t<div class=\"elementor-element elementor-element-07e41a7 elementor-widget elementor-widget-image\" data-id=\"07e41a7\" data-element_type=\"widget\" data-e-type=\"widget\" data-widget_type=\"image.default\">\n\t\t\t\t\t\t\t\t\t\t\t\t\t\t\t<img decoding=\"async\" width=\"1020\" height=\"1020\" src=\"https:\/\/orodelbierzo.com\/wp-content\/uploads\/2025\/10\/OrodelBierzo5.jpg\" class=\"attachment-large size-large wp-image-94\" alt=\"\" srcset=\"https:\/\/orodelbierzo.com\/wp-content\/uploads\/2025\/10\/OrodelBierzo5.jpg 1020w, https:\/\/orodelbierzo.com\/wp-content\/uploads\/2025\/10\/OrodelBierzo5-300x300.jpg 300w, https:\/\/orodelbierzo.com\/wp-content\/uploads\/2025\/10\/OrodelBierzo5-150x150.jpg 150w, https:\/\/orodelbierzo.com\/wp-content\/uploads\/2025\/10\/OrodelBierzo5-768x768.jpg 768w\" sizes=\"(max-width: 1020px) 100vw, 1020px\" \/>\t\t\t\t\t\t\t\t\t\t\t\t\t\t\t<\/div>\n\t\t\t\t<\/div>\n\t\t<div class=\"elementor-element elementor-element-a5baa36 e-con-full e-flex e-con e-child\" data-id=\"a5baa36\" data-element_type=\"container\" data-e-type=\"container\">\n\t\t\t\t<div class=\"elementor-element elementor-element-008e734 elementor-widget elementor-widget-text-editor\" data-id=\"008e734\" data-element_type=\"widget\" data-e-type=\"widget\" data-widget_type=\"text-editor.default\">\n\t\t\t\t\t\t\t\t\t<p>PRIMAVERA<\/p><p>Con la elevaci\u00f3n de las temperaturas y las primeras floraciones, es importante tomar nota del estado de las reservas de cada colmena y preparar el conjunto del colmenar.\u00a0<\/p><p>Es momento del enjambraz\u00f3n artificial, renovar cera, restructurar nidos de cr\u00eda, revisar reservas de polen y miel, aumento de la apertura de la piquera, equilibrado de colonias, colocaci\u00f3n de alzas, mantenimientos del entorno de las colmenas y renovaci\u00f3n de reinas<\/p><p>Comienza tambi\u00e9n la temporada de extracci\u00f3n de la miel, que se prolongar\u00e1 durante el verano<\/p>\t\t\t\t\t\t\t\t<\/div>\n\t\t\t\t<\/div>\n\t\t\t\t<\/div>\n\t\t<div class=\"elementor-element elementor-element-9e1eb27 e-con-full e-flex e-con e-parent\" data-id=\"9e1eb27\" data-element_type=\"container\" data-e-type=\"container\">\n\t\t\t\t<div class=\"elementor-element elementor-element-4928aa2 elementor-widget elementor-widget-text-editor\" data-id=\"4928aa2\" data-element_type=\"widget\" data-e-type=\"widget\" data-widget_type=\"text-editor.default\">\n\t\t\t\t\t\t\t\t\t<p>VERANO<\/p><p>El interior de las colmenas en estos meses de verano son aut\u00e9nticos hornos con un alto grado de humedad como consecuencia de la evaporaci\u00f3n de humedad del n\u00e9ctar. Por eso se debe vigilar\u00a0 tanto la ventilaci\u00f3n <span style=\"font-size: 16px; font-style: normal; font-weight: 400;\">de la colmena <\/span>como la evacuaci\u00f3n de humedad<\/p><p>Es importante hacer un seguimiento minucioso de la salud de la colmena, controlar la vegetaci\u00f3n y los riesgos que puede suponer para el colmenar asociados a los posibles incendios, mantener las fuentes de agua en buenas condiciones y la producci\u00f3n de prop\u00f3leos<\/p>\t\t\t\t\t\t\t\t<\/div>\n\t\t\t\t<\/div>\n\t\t<div class=\"elementor-element elementor-element-17857e9 e-con-full e-flex e-con e-parent\" data-id=\"17857e9\" data-element_type=\"container\" data-e-type=\"container\">\n\t\t\t\t<div class=\"elementor-element elementor-element-99e5e8b elementor-widget elementor-widget-image\" data-id=\"99e5e8b\" data-element_type=\"widget\" data-e-type=\"widget\" data-widget_type=\"image.default\">\n\t\t\t\t\t\t\t\t\t\t\t\t\t\t\t<img loading=\"lazy\" decoding=\"async\" width=\"1020\" height=\"487\" src=\"https:\/\/orodelbierzo.com\/wp-content\/uploads\/2025\/10\/OrodelBierzo3_1.jpg\" class=\"attachment-large size-large wp-image-29\" alt=\"\" srcset=\"https:\/\/orodelbierzo.com\/wp-content\/uploads\/2025\/10\/OrodelBierzo3_1.jpg 1020w, https:\/\/orodelbierzo.com\/wp-content\/uploads\/2025\/10\/OrodelBierzo3_1-300x143.jpg 300w, https:\/\/orodelbierzo.com\/wp-content\/uploads\/2025\/10\/OrodelBierzo3_1-768x367.jpg 768w\" sizes=\"(max-width: 1020px) 100vw, 1020px\" \/>\t\t\t\t\t\t\t\t\t\t\t\t\t\t\t<\/div>\n\t\t\t\t<\/div>\n\t\t\t\t<\/div>\n\t\t","protected":false},"excerpt":{"rendered":"<p>Actualmente tenemos 200 colmenas ubicadas en diferentes zonas de El Bierzo, un vergel rodeado de monta\u00f1as y con un clima [&hellip;]<\/p>\n","protected":false},"author":1,"featured_media":0,"parent":0,"menu_order":0,"comment_status":"closed","ping_status":"closed","template":"","meta":{"site-sidebar-layout":"no-sidebar","site-content-layout":"","ast-site-content-layout":"full-width-container","site-content-style":"default","site-sidebar-style":"default","ast-global-header-display":"","ast-banner-title-visibility":"","ast-main-header-display":"","ast-hfb-above-header-display":"","ast-hfb-below-header-display":"","ast-hfb-mobile-header-display":"","site-post-title":"disabled","ast-breadcrumbs-content":"","ast-featured-img":"disabled","footer-sml-layout":"","ast-disable-related-posts":"","theme-transparent-header-meta":"","adv-header-id-meta":"","stick-header-meta":"","header-above-stick-meta":"","header-main-stick-meta":"","header-below-stick-meta":"","astra-migrate-meta-layouts":"default","ast-page-background-enabled":"default","ast-page-background-meta":{"desktop":{"background-color":"var(--ast-global-color-5)","background-image":"","background-repeat":"repeat","background-position":"center center","background-size":"auto","background-attachment":"scroll","background-type":"","background-media":"","overlay-type":"","overlay-color":"","overlay-opacity":"","overlay-gradient":""},"tablet":{"background-color":"","background-image":"","background-repeat":"repeat","background-position":"center center","background-size":"auto","background-attachment":"scroll","background-type":"","background-media":"","overlay-type":"","overlay-color":"","overlay-opacity":"","overlay-gradient":""},"mobile":{"background-color":"","background-image":"","background-repeat":"repeat","background-position":"center center","background-size":"auto","background-attachment":"scroll","background-type":"","background-media":"","overlay-type":"","overlay-color":"","overlay-opacity":"","overlay-gradient":""}},"ast-content-background-meta":{"desktop":{"background-color":"var(--ast-global-color-4)","background-image":"","background-repeat":"repeat","background-position":"center center","background-size":"auto","background-attachment":"scroll","background-type":"","background-media":"","overlay-type":"","overlay-color":"","overlay-opacity":"","overlay-gradient":""},"tablet":{"background-color":"var(--ast-global-color-4)","background-image":"","background-repeat":"repeat","background-position":"center center","background-size":"auto","background-attachment":"scroll","background-type":"","background-media":"","overlay-type":"","overlay-color":"","overlay-opacity":"","overlay-gradient":""},"mobile":{"background-color":"var(--ast-global-color-4)","background-image":"","background-repeat":"repeat","background-position":"center center","background-size":"auto","background-attachment":"scroll","background-type":"","background-media":"","overlay-type":"","overlay-color":"","overlay-opacity":"","overlay-gradient":""}},"footnotes":""},"class_list":["post-91","page","type-page","status-publish","hentry"],"_links":{"self":[{"href":"https:\/\/orodelbierzo.com\/index.php?rest_route=\/wp\/v2\/pages\/91","targetHints":{"allow":["GET"]}}],"collection":[{"href":"https:\/\/orodelbierzo.com\/index.php?rest_route=\/wp\/v2\/pages"}],"about":[{"href":"https:\/\/orodelbierzo.com\/index.php?rest_route=\/wp\/v2\/types\/page"}],"author":[{"embeddable":true,"href":"https:\/\/orodelbierzo.com\/index.php?rest_route=\/wp\/v2\/users\/1"}],"replies":[{"embeddable":true,"href":"https:\/\/orodelbierzo.com\/index.php?rest_route=%2Fwp%2Fv2%2Fcomments&post=91"}],"version-history":[{"count":7,"href":"https:\/\/orodelbierzo.com\/index.php?rest_route=\/wp\/v2\/pages\/91\/revisions"}],"predecessor-version":[{"id":198,"href":"https:\/\/orodelbierzo.com\/index.php?rest_route=\/wp\/v2\/pages\/91\/revisions\/198"}],"wp:attachment":[{"href":"https:\/\/orodelbierzo.com\/index.php?rest_route=%2Fwp%2Fv2%2Fmedia&parent=91"}],"curies":[{"name":"wp","href":"https:\/\/api.w.org\/{rel}","templated":true}]}}