{"id":176,"date":"2025-10-31T12:28:02","date_gmt":"2025-10-31T12:28:02","guid":{"rendered":"https:\/\/orodelbierzo.com\/?page_id=176"},"modified":"2025-10-31T12:45:07","modified_gmt":"2025-10-31T12:45:07","slug":"quienes-somos","status":"publish","type":"page","link":"https:\/\/orodelbierzo.com\/?page_id=176","title":{"rendered":"Quienes somos"},"content":{"rendered":"\t\t<div data-elementor-type=\"wp-page\" data-elementor-id=\"176\" class=\"elementor elementor-176\">\n\t\t\t\t<div class=\"elementor-element elementor-element-9c4d193 e-con-full e-flex e-con e-parent\" data-id=\"9c4d193\" data-element_type=\"container\" data-e-type=\"container\">\n\t\t\t\t<div class=\"elementor-element elementor-element-9dec087 elementor-widget elementor-widget-heading\" data-id=\"9dec087\" data-element_type=\"widget\" data-e-type=\"widget\" data-widget_type=\"heading.default\">\n\t\t\t\t\t<h2 class=\"elementor-heading-title elementor-size-default\">Quienes somos<\/h2>\t\t\t\t<\/div>\n\t\t\t\t<div class=\"elementor-element elementor-element-62e1494 elementor-widget elementor-widget-text-editor\" data-id=\"62e1494\" data-element_type=\"widget\" data-e-type=\"widget\" data-widget_type=\"text-editor.default\">\n\t\t\t\t\t\t\t\t\t<p>Somos Luis y Cristina, dos enamorados de nuestra tierra, Le\u00f3n, de su exuberante naturaleza, de sus paisajes, de sus infinitas posibilidades\u2026 y os vamos a contar nuestra historia. Somos una pareja berciana dedicada a la apicultura desde hace m\u00e1s de una d\u00e9cada; lo que comenz\u00f3 siendo una afici\u00f3n, se ha convertido en nuestro proyecto profesional m\u00e1s \u201cdulce\u201d.<br \/>Luis decidi\u00f3 emprender su propio camino en el mundo ap\u00edcola en el a\u00f1o 2012 y yo, Cristina, le he acompa\u00f1ado en los \u00faltimos 5 a\u00f1os. Nuestro objetivo: ofreceros una miel espa\u00f1ola artesana y de calidad.<br \/><br \/><\/p>\t\t\t\t\t\t\t\t<\/div>\n\t\t\t\t<\/div>\n\t\t<div class=\"elementor-element elementor-element-ac7edb1 e-con-full e-flex e-con e-parent\" data-id=\"ac7edb1\" data-element_type=\"container\" data-e-type=\"container\">\n\t\t<div class=\"elementor-element elementor-element-08a49bf e-con-full e-flex e-con e-child\" data-id=\"08a49bf\" data-element_type=\"container\" data-e-type=\"container\">\n\t\t\t\t<div class=\"elementor-element elementor-element-b26f3bf elementor-widget elementor-widget-image\" data-id=\"b26f3bf\" data-element_type=\"widget\" data-e-type=\"widget\" data-widget_type=\"image.default\">\n\t\t\t\t\t\t\t\t\t\t\t\t\t\t\t<img fetchpriority=\"high\" decoding=\"async\" width=\"1020\" height=\"1020\" src=\"https:\/\/orodelbierzo.com\/wp-content\/uploads\/2025\/10\/OrodelBierzo7.jpg\" class=\"attachment-large size-large wp-image-181\" alt=\"\" srcset=\"https:\/\/orodelbierzo.com\/wp-content\/uploads\/2025\/10\/OrodelBierzo7.jpg 1020w, https:\/\/orodelbierzo.com\/wp-content\/uploads\/2025\/10\/OrodelBierzo7-300x300.jpg 300w, https:\/\/orodelbierzo.com\/wp-content\/uploads\/2025\/10\/OrodelBierzo7-150x150.jpg 150w, https:\/\/orodelbierzo.com\/wp-content\/uploads\/2025\/10\/OrodelBierzo7-768x768.jpg 768w\" sizes=\"(max-width: 1020px) 100vw, 1020px\" \/>\t\t\t\t\t\t\t\t\t\t\t\t\t\t\t<\/div>\n\t\t\t\t<\/div>\n\t\t<div class=\"elementor-element elementor-element-984e0e7 e-con-full e-flex e-con e-child\" data-id=\"984e0e7\" data-element_type=\"container\" data-e-type=\"container\">\n\t\t\t\t<div class=\"elementor-element elementor-element-16a411e elementor-widget elementor-widget-text-editor\" data-id=\"16a411e\" data-element_type=\"widget\" data-e-type=\"widget\" data-widget_type=\"text-editor.default\">\n\t\t\t\t\t\t\t\t\t<p>Actualmente tenemos 200 colmenas ubicadas en diferentes zonas de El Bierzo, un vergel rodeado de monta\u00f1as y con un clima mediterr\u00e1neo, logrando obtener un producto de una calidad suprema: miel pura y natural 100%. Nuestros apiarios est\u00e1n rodeados de naturaleza, bosques, casta\u00f1os, zarzamoras, flora aut\u00f3ctona y salvaje de la que se alimentan nuestras abejas, y eso se nota en la miel que producimos.<br \/>Nos apasiona estar en el campo rodeados de colmenas, observando el trabajo que realizan las abejas y disfrutando de las floraciones seg\u00fan la \u00e9poca del a\u00f1o en la que estemos (El Bierzo es maravilloso en cualquier \u00e9poca por sus cambios de colores), con el fin de ofrecer diferentes variedades de mieles. Actualmente la miel que producen nuestras abejitas es mayoritariamente miel de casta\u00f1o y zarzamora, y sabemos que es as\u00ed porque anualmente llevamos a cabo un an\u00e1lisis bioqu\u00edmico del producto.<\/p>\t\t\t\t\t\t\t\t<\/div>\n\t\t\t\t<\/div>\n\t\t\t\t<\/div>\n\t\t\t\t<\/div>\n\t\t","protected":false},"excerpt":{"rendered":"<p>Quienes somos Somos Luis y Cristina, dos enamorados de nuestra tierra, Le\u00f3n, de su exuberante naturaleza, de sus paisajes, de [&hellip;]<\/p>\n","protected":false},"author":1,"featured_media":0,"parent":0,"menu_order":0,"comment_status":"closed","ping_status":"closed","template":"","meta":{"site-sidebar-layout":"no-sidebar","site-content-layout":"","ast-site-content-layout":"full-width-container","site-content-style":"default","site-sidebar-style":"default","ast-global-header-display":"","ast-banner-title-visibility":"","ast-main-header-display":"","ast-hfb-above-header-display":"","ast-hfb-below-header-display":"","ast-hfb-mobile-header-display":"","site-post-title":"disabled","ast-breadcrumbs-content":"","ast-featured-img":"disabled","footer-sml-layout":"","ast-disable-related-posts":"","theme-transparent-header-meta":"","adv-header-id-meta":"","stick-header-meta":"","header-above-stick-meta":"","header-main-stick-meta":"","header-below-stick-meta":"","astra-migrate-meta-layouts":"default","ast-page-background-enabled":"default","ast-page-background-meta":{"desktop":{"background-color":"var(--ast-global-color-5)","background-image":"","background-repeat":"repeat","background-position":"center center","background-size":"auto","background-attachment":"scroll","background-type":"","background-media":"","overlay-type":"","overlay-color":"","overlay-opacity":"","overlay-gradient":""},"tablet":{"background-color":"","background-image":"","background-repeat":"repeat","background-position":"center center","background-size":"auto","background-attachment":"scroll","background-type":"","background-media":"","overlay-type":"","overlay-color":"","overlay-opacity":"","overlay-gradient":""},"mobile":{"background-color":"","background-image":"","background-repeat":"repeat","background-position":"center center","background-size":"auto","background-attachment":"scroll","background-type":"","background-media":"","overlay-type":"","overlay-color":"","overlay-opacity":"","overlay-gradient":""}},"ast-content-background-meta":{"desktop":{"background-color":"var(--ast-global-color-4)","background-image":"","background-repeat":"repeat","background-position":"center center","background-size":"auto","background-attachment":"scroll","background-type":"","background-media":"","overlay-type":"","overlay-color":"","overlay-opacity":"","overlay-gradient":""},"tablet":{"background-color":"var(--ast-global-color-4)","background-image":"","background-repeat":"repeat","background-position":"center center","background-size":"auto","background-attachment":"scroll","background-type":"","background-media":"","overlay-type":"","overlay-color":"","overlay-opacity":"","overlay-gradient":""},"mobile":{"background-color":"var(--ast-global-color-4)","background-image":"","background-repeat":"repeat","background-position":"center center","background-size":"auto","background-attachment":"scroll","background-type":"","background-media":"","overlay-type":"","overlay-color":"","overlay-opacity":"","overlay-gradient":""}},"footnotes":""},"class_list":["post-176","page","type-page","status-publish","hentry"],"_links":{"self":[{"href":"https:\/\/orodelbierzo.com\/index.php?rest_route=\/wp\/v2\/pages\/176","targetHints":{"allow":["GET"]}}],"collection":[{"href":"https:\/\/orodelbierzo.com\/index.php?rest_route=\/wp\/v2\/pages"}],"about":[{"href":"https:\/\/orodelbierzo.com\/index.php?rest_route=\/wp\/v2\/types\/page"}],"author":[{"embeddable":true,"href":"https:\/\/orodelbierzo.com\/index.php?rest_route=\/wp\/v2\/users\/1"}],"replies":[{"embeddable":true,"href":"https:\/\/orodelbierzo.com\/index.php?rest_route=%2Fwp%2Fv2%2Fcomments&post=176"}],"version-history":[{"count":8,"href":"https:\/\/orodelbierzo.com\/index.php?rest_route=\/wp\/v2\/pages\/176\/revisions"}],"predecessor-version":[{"id":200,"href":"https:\/\/orodelbierzo.com\/index.php?rest_route=\/wp\/v2\/pages\/176\/revisions\/200"}],"wp:attachment":[{"href":"https:\/\/orodelbierzo.com\/index.php?rest_route=%2Fwp%2Fv2%2Fmedia&parent=176"}],"curies":[{"name":"wp","href":"https:\/\/api.w.org\/{rel}","templated":true}]}}