{"id":11,"date":"2025-10-30T20:16:50","date_gmt":"2025-10-30T20:16:50","guid":{"rendered":"https:\/\/orodelbierzo.com\/?page_id=11"},"modified":"2025-10-31T12:17:30","modified_gmt":"2025-10-31T12:17:30","slug":"hola-honey","status":"publish","type":"page","link":"https:\/\/orodelbierzo.com\/","title":{"rendered":"Inicio"},"content":{"rendered":"\t\t<div data-elementor-type=\"wp-page\" data-elementor-id=\"11\" class=\"elementor elementor-11\">\n\t\t\t\t<div class=\"elementor-element elementor-element-53b64ab e-con-full e-flex e-con e-parent\" data-id=\"53b64ab\" data-element_type=\"container\" data-e-type=\"container\">\n\t\t\t\t<div class=\"elementor-element elementor-element-fe7f8f3 elementor-widget elementor-widget-text-editor\" data-id=\"fe7f8f3\" data-element_type=\"widget\" data-e-type=\"widget\" data-widget_type=\"text-editor.default\">\n\t\t\t\t\t\t\t\t\t<p>\u00a1Bienvenidos\/as! \u00a1Muchas gracias por visitar nuestra p\u00e1gina web!<\/p>\t\t\t\t\t\t\t\t<\/div>\n\t\t\t\t<\/div>\n\t\t<div class=\"elementor-element elementor-element-2991ad3 e-con-full e-flex e-con e-parent\" data-id=\"2991ad3\" data-element_type=\"container\" data-e-type=\"container\">\n\t\t\t\t<div class=\"elementor-element elementor-element-5f4a2c0 elementor-widget elementor-widget-heading\" data-id=\"5f4a2c0\" data-element_type=\"widget\" data-e-type=\"widget\" data-widget_type=\"heading.default\">\n\t\t\t\t\t<h2 class=\"elementor-heading-title elementor-size-default\">Quienes somos<\/h2>\t\t\t\t<\/div>\n\t\t\t\t<div class=\"elementor-element elementor-element-1e4477f elementor-widget elementor-widget-text-editor\" data-id=\"1e4477f\" data-element_type=\"widget\" data-e-type=\"widget\" data-widget_type=\"text-editor.default\">\n\t\t\t\t\t\t\t\t\t<p class=\"MsoNormal\" style=\"mso-margin-bottom-alt: auto; text-align: justify; line-height: 150%;\">Somos Luis y Cristina, dos enamorados de nuestra tierra, el Bierzo, en Le\u00f3n. Ubicados en pleno Camino de Santiago, de exuberante naturaleza, paisajes, y\u00a0 posibilidades\u2026 Somos una pareja berciana dedicada a la apicultura desde hace m\u00e1s de una d\u00e9cada.<\/p><p class=\"MsoNormal\" style=\"mso-margin-bottom-alt: auto; text-align: justify; line-height: 150%;\">Orgullosos de que lo que comenz\u00f3 siendo una afici\u00f3n, se ha convertido en nuestro proyecto profesional m\u00e1s \u201cdulce\u201d .<\/p>\t\t\t\t\t\t\t\t<\/div>\n\t\t\t\t<\/div>\n\t\t<div class=\"elementor-element elementor-element-0ce4b7d e-con-full e-flex e-con e-parent\" data-id=\"0ce4b7d\" data-element_type=\"container\" data-e-type=\"container\">\n\t\t\t\t<div class=\"elementor-element elementor-element-ec21d3c elementor-widget elementor-widget-heading\" data-id=\"ec21d3c\" data-element_type=\"widget\" data-e-type=\"widget\" data-widget_type=\"heading.default\">\n\t\t\t\t\t<h2 class=\"elementor-heading-title elementor-size-default\">La Miel<\/h2>\t\t\t\t<\/div>\n\t\t\t\t<div class=\"elementor-element elementor-element-99c453c elementor-widget elementor-widget-text-editor\" data-id=\"99c453c\" data-element_type=\"widget\" data-e-type=\"widget\" data-widget_type=\"text-editor.default\">\n\t\t\t\t\t\t\t\t\t<p>Actualmente tenemos 200 colmenas ubicadas en diferentes zonas de El Bierzo, un paisaje monta\u00f1oso de gran variedad arb\u00f3rea y gran riqueza floral, con un clima mediterr\u00e1neo, que logra un producto de una calidad muy valorada: miel pura y natural 100%. Nuestros apiarios est\u00e1n rodeados de bosques de roble y encina, casta\u00f1os, zarzamoras y flora aut\u00f3ctona de la que se alimentan nuestras abejas, y que se refleja en el sabor intenso y caracter\u00edstico de la miel que extraemos.<\/p>\t\t\t\t\t\t\t\t<\/div>\n\t\t\t\t<\/div>\n\t\t<div class=\"elementor-element elementor-element-08bc773 e-con-full e-flex e-con e-parent\" data-id=\"08bc773\" data-element_type=\"container\" data-e-type=\"container\">\n\t\t<div class=\"elementor-element elementor-element-5cd6d21 e-con-full e-flex e-con e-child\" data-id=\"5cd6d21\" data-element_type=\"container\" data-e-type=\"container\">\n\t\t\t\t<div class=\"elementor-element elementor-element-89d841c elementor-widget elementor-widget-image\" data-id=\"89d841c\" data-element_type=\"widget\" data-e-type=\"widget\" data-widget_type=\"image.default\">\n\t\t\t\t\t\t\t\t\t\t\t\t\t\t\t\t<a href=\"https:\/\/orodelbierzo.com\/?page_id=91\">\n\t\t\t\t\t\t\t<img fetchpriority=\"high\" decoding=\"async\" width=\"1020\" height=\"1020\" src=\"https:\/\/orodelbierzo.com\/wp-content\/uploads\/2025\/10\/OrodelBierzo3.jpg\" class=\"elementor-animation-grow attachment-large size-large wp-image-33\" alt=\"\" srcset=\"https:\/\/orodelbierzo.com\/wp-content\/uploads\/2025\/10\/OrodelBierzo3.jpg 1020w, https:\/\/orodelbierzo.com\/wp-content\/uploads\/2025\/10\/OrodelBierzo3-300x300.jpg 300w, https:\/\/orodelbierzo.com\/wp-content\/uploads\/2025\/10\/OrodelBierzo3-150x150.jpg 150w, https:\/\/orodelbierzo.com\/wp-content\/uploads\/2025\/10\/OrodelBierzo3-768x768.jpg 768w\" sizes=\"(max-width: 1020px) 100vw, 1020px\" \/>\t\t\t\t\t\t\t\t<\/a>\n\t\t\t\t\t\t\t\t\t\t\t\t\t\t\t<\/div>\n\t\t\t\t<\/div>\n\t\t<div class=\"elementor-element elementor-element-0f8c64b e-con-full e-flex e-con e-child\" data-id=\"0f8c64b\" data-element_type=\"container\" data-e-type=\"container\">\n\t\t\t\t<div class=\"elementor-element elementor-element-3261912 elementor-widget elementor-widget-image\" data-id=\"3261912\" data-element_type=\"widget\" data-e-type=\"widget\" data-widget_type=\"image.default\">\n\t\t\t\t\t\t\t\t\t\t\t\t\t\t\t\t<a href=\"https:\/\/orodelbierzo.com\/?page_id=91\">\n\t\t\t\t\t\t\t<img decoding=\"async\" width=\"1020\" height=\"1020\" src=\"https:\/\/orodelbierzo.com\/wp-content\/uploads\/2025\/10\/OrodelBierzo4.jpg\" class=\"elementor-animation-grow attachment-large size-large wp-image-40\" alt=\"\" srcset=\"https:\/\/orodelbierzo.com\/wp-content\/uploads\/2025\/10\/OrodelBierzo4.jpg 1020w, https:\/\/orodelbierzo.com\/wp-content\/uploads\/2025\/10\/OrodelBierzo4-300x300.jpg 300w, https:\/\/orodelbierzo.com\/wp-content\/uploads\/2025\/10\/OrodelBierzo4-150x150.jpg 150w, https:\/\/orodelbierzo.com\/wp-content\/uploads\/2025\/10\/OrodelBierzo4-768x768.jpg 768w\" sizes=\"(max-width: 1020px) 100vw, 1020px\" \/>\t\t\t\t\t\t\t\t<\/a>\n\t\t\t\t\t\t\t\t\t\t\t\t\t\t\t<\/div>\n\t\t\t\t<\/div>\n\t\t<div class=\"elementor-element elementor-element-5462480 e-con-full e-flex e-con e-child\" data-id=\"5462480\" data-element_type=\"container\" data-e-type=\"container\">\n\t\t\t\t<div class=\"elementor-element elementor-element-b3dd7f6 elementor-widget elementor-widget-image\" data-id=\"b3dd7f6\" data-element_type=\"widget\" data-e-type=\"widget\" data-widget_type=\"image.default\">\n\t\t\t\t\t\t\t\t\t\t\t\t\t\t\t\t<a href=\"https:\/\/orodelbierzo.com\/?page_id=26\">\n\t\t\t\t\t\t\t<img decoding=\"async\" width=\"1020\" height=\"1020\" src=\"https:\/\/orodelbierzo.com\/wp-content\/uploads\/2025\/10\/OrodelBierzo1.jpg\" class=\"elementor-animation-grow attachment-large size-large wp-image-31\" alt=\"\" srcset=\"https:\/\/orodelbierzo.com\/wp-content\/uploads\/2025\/10\/OrodelBierzo1.jpg 1020w, https:\/\/orodelbierzo.com\/wp-content\/uploads\/2025\/10\/OrodelBierzo1-300x300.jpg 300w, https:\/\/orodelbierzo.com\/wp-content\/uploads\/2025\/10\/OrodelBierzo1-150x150.jpg 150w, https:\/\/orodelbierzo.com\/wp-content\/uploads\/2025\/10\/OrodelBierzo1-768x768.jpg 768w\" sizes=\"(max-width: 1020px) 100vw, 1020px\" \/>\t\t\t\t\t\t\t\t<\/a>\n\t\t\t\t\t\t\t\t\t\t\t\t\t\t\t<\/div>\n\t\t\t\t<\/div>\n\t\t\t\t<\/div>\n\t\t<div class=\"elementor-element elementor-element-32e2285 e-con-full e-flex e-con e-parent\" data-id=\"32e2285\" data-element_type=\"container\" data-e-type=\"container\">\n\t\t\t\t<div class=\"elementor-element elementor-element-0e2bf50 elementor-align-center elementor-widget elementor-widget-button\" data-id=\"0e2bf50\" data-element_type=\"widget\" data-e-type=\"widget\" data-widget_type=\"button.default\">\n\t\t\t\t\t\t\t\t\t\t<a class=\"elementor-button elementor-button-link elementor-size-sm elementor-animation-grow\" href=\"https:\/\/orodelbierzo.com\/?page_id=26\">\n\t\t\t\t\t\t<span class=\"elementor-button-content-wrapper\">\n\t\t\t\t\t\t\t\t\t<span class=\"elementor-button-text\">Contacto<\/span>\n\t\t\t\t\t<\/span>\n\t\t\t\t\t<\/a>\n\t\t\t\t\t\t\t\t<\/div>\n\t\t\t\t<\/div>\n\t\t\t\t<\/div>\n\t\t","protected":false},"excerpt":{"rendered":"<p>\u00a1Bienvenidos\/as! \u00a1Muchas gracias por visitar nuestra p\u00e1gina web! Quienes somos Somos Luis y Cristina, dos enamorados de nuestra tierra, el [&hellip;]<\/p>\n","protected":false},"author":1,"featured_media":0,"parent":0,"menu_order":0,"comment_status":"closed","ping_status":"closed","template":"","meta":{"site-sidebar-layout":"no-sidebar","site-content-layout":"","ast-site-content-layout":"full-width-container","site-content-style":"default","site-sidebar-style":"default","ast-global-header-display":"","ast-banner-title-visibility":"","ast-main-header-display":"","ast-hfb-above-header-display":"","ast-hfb-below-header-display":"","ast-hfb-mobile-header-display":"","site-post-title":"disabled","ast-breadcrumbs-content":"","ast-featured-img":"disabled","footer-sml-layout":"","ast-disable-related-posts":"","theme-transparent-header-meta":"","adv-header-id-meta":"","stick-header-meta":"","header-above-stick-meta":"","header-main-stick-meta":"","header-below-stick-meta":"","astra-migrate-meta-layouts":"default","ast-page-background-enabled":"default","ast-page-background-meta":{"desktop":{"background-color":"var(--ast-global-color-5)","background-image":"","background-repeat":"repeat","background-position":"center center","background-size":"auto","background-attachment":"scroll","background-type":"","background-media":"","overlay-type":"","overlay-color":"","overlay-opacity":"","overlay-gradient":""},"tablet":{"background-color":"","background-image":"","background-repeat":"repeat","background-position":"center center","background-size":"auto","background-attachment":"scroll","background-type":"","background-media":"","overlay-type":"","overlay-color":"","overlay-opacity":"","overlay-gradient":""},"mobile":{"background-color":"","background-image":"","background-repeat":"repeat","background-position":"center center","background-size":"auto","background-attachment":"scroll","background-type":"","background-media":"","overlay-type":"","overlay-color":"","overlay-opacity":"","overlay-gradient":""}},"ast-content-background-meta":{"desktop":{"background-color":"var(--ast-global-color-4)","background-image":"","background-repeat":"repeat","background-position":"center center","background-size":"auto","background-attachment":"scroll","background-type":"","background-media":"","overlay-type":"","overlay-color":"","overlay-opacity":"","overlay-gradient":""},"tablet":{"background-color":"var(--ast-global-color-4)","background-image":"","background-repeat":"repeat","background-position":"center center","background-size":"auto","background-attachment":"scroll","background-type":"","background-media":"","overlay-type":"","overlay-color":"","overlay-opacity":"","overlay-gradient":""},"mobile":{"background-color":"var(--ast-global-color-4)","background-image":"","background-repeat":"repeat","background-position":"center center","background-size":"auto","background-attachment":"scroll","background-type":"","background-media":"","overlay-type":"","overlay-color":"","overlay-opacity":"","overlay-gradient":""}},"footnotes":""},"class_list":["post-11","page","type-page","status-publish","hentry"],"_links":{"self":[{"href":"https:\/\/orodelbierzo.com\/index.php?rest_route=\/wp\/v2\/pages\/11","targetHints":{"allow":["GET"]}}],"collection":[{"href":"https:\/\/orodelbierzo.com\/index.php?rest_route=\/wp\/v2\/pages"}],"about":[{"href":"https:\/\/orodelbierzo.com\/index.php?rest_route=\/wp\/v2\/types\/page"}],"author":[{"embeddable":true,"href":"https:\/\/orodelbierzo.com\/index.php?rest_route=\/wp\/v2\/users\/1"}],"replies":[{"embeddable":true,"href":"https:\/\/orodelbierzo.com\/index.php?rest_route=%2Fwp%2Fv2%2Fcomments&post=11"}],"version-history":[{"count":83,"href":"https:\/\/orodelbierzo.com\/index.php?rest_route=\/wp\/v2\/pages\/11\/revisions"}],"predecessor-version":[{"id":172,"href":"https:\/\/orodelbierzo.com\/index.php?rest_route=\/wp\/v2\/pages\/11\/revisions\/172"}],"wp:attachment":[{"href":"https:\/\/orodelbierzo.com\/index.php?rest_route=%2Fwp%2Fv2%2Fmedia&parent=11"}],"curies":[{"name":"wp","href":"https:\/\/api.w.org\/{rel}","templated":true}]}}